{"id":1134,"date":"2024-10-15T19:21:17","date_gmt":"2024-10-15T17:21:17","guid":{"rendered":"https:\/\/stkkrizevci.hr\/?page_id=1134"},"modified":"2024-10-15T19:21:17","modified_gmt":"2024-10-15T17:21:17","slug":"jesen-2024","status":"publish","type":"page","link":"https:\/\/stkkrizevci.hr\/index.php\/natjecanja\/jesen-2024\/","title":{"rendered":"Jesen 2024"},"content":{"rendered":"\n<p class=\"has-large-font-size\"><strong>EKIPE<\/strong><\/p>\n\n\n\n<p class=\"has-medium-font-size\"><strong>Ekipa 1<\/strong><br>Antonio Blagaj<br>Mario Lackovi\u0107<br>Goran Ljalji\u0107<\/p>\n\n\n\n<p class=\"has-medium-font-size\"><strong>Ekipa 2<\/strong><br>Ernest Juri\u0161i\u0107<br>Petar Miklobu\u0161ec<br>Bo\u017eidar Birt<br><br><strong>Ekipa 3<\/strong><br>Filip Triplat<br>Mario Zidari\u0107<br>Martin Matus<\/p>\n\n\n\n<p class=\"has-medium-font-size\"><strong>Ekipa 4<\/strong><br>Marin Ku\u0161ec<br>Gordan \u0160i\u0161ak<br>Mirko Stojanovski<\/p>\n\n\n\n<p class=\"has-medium-font-size\"><strong>Ekipa 5<\/strong><br>Tomislav Horvat<br>Mladen Hermanovi\u0107<br>Mihael \u0160amuga<br><br><strong>Ekipa 6<\/strong><br>Ivan Knapi\u0107<br>Zoran Buzina<br>Sini\u0161a Krnjak<br><br><strong>Ekipa 7<\/strong><br>Berislav Ragu\u017e<br>Tomislav Salopek<br>Renato Miklobu\u0161ec<br><br><strong>Ekipa 8<\/strong><br>Karlo Siladi<br>Bojan Ili\u010di\u0107<br>Ante Gr\u0161i\u0107<br><br><strong>Ekipa 9<\/strong><br>Tomislav Sankovi\u0107<br>Martin Slavini\u0107<br>Josip Pejazi\u0107<\/p>\n","protected":false},"excerpt":{"rendered":"<p>EKIPE Ekipa 1Antonio BlagajMario Lackovi\u0107Goran Ljalji\u0107 Ekipa 2Ernest Juri\u0161i\u0107Petar Miklobu\u0161ecBo\u017eidar Birt Ekipa 3Filip TriplatMario Zidari\u0107Martin Matus Ekipa 4Marin Ku\u0161ecGordan \u0160i\u0161akMirko Stojanovski Ekipa 5Tomislav HorvatMladen Hermanovi\u0107Mihael \u0160amuga Ekipa 6Ivan Knapi\u0107Zoran BuzinaSini\u0161a Krnjak Ekipa 7Berislav Ragu\u017eTomislav SalopekRenato Miklobu\u0161ec Ekipa 8Karlo SiladiBojan Ili\u010di\u0107Ante Gr\u0161i\u0107 Ekipa 9Tomislav Sankovi\u0107Martin Slavini\u0107Josip Pejazi\u0107<\/p>\n","protected":false},"author":1,"featured_media":0,"parent":14,"menu_order":0,"comment_status":"closed","ping_status":"closed","template":"","meta":{"site-sidebar-layout":"default","site-content-layout":"","ast-site-content-layout":"default","site-content-style":"default","site-sidebar-style":"default","ast-global-header-display":"","ast-banner-title-visibility":"","ast-main-header-display":"","ast-hfb-above-header-display":"","ast-hfb-below-header-display":"","ast-hfb-mobile-header-display":"","site-post-title":"","ast-breadcrumbs-content":"","ast-featured-img":"","footer-sml-layout":"","theme-transparent-header-meta":"","adv-header-id-meta":"","stick-header-meta":"","header-above-stick-meta":"","header-main-stick-meta":"","header-below-stick-meta":"","astra-migrate-meta-layouts":"set","footnotes":""},"class_list":["post-1134","page","type-page","status-publish","hentry"],"_links":{"self":[{"href":"https:\/\/stkkrizevci.hr\/index.php\/wp-json\/wp\/v2\/pages\/1134","targetHints":{"allow":["GET"]}}],"collection":[{"href":"https:\/\/stkkrizevci.hr\/index.php\/wp-json\/wp\/v2\/pages"}],"about":[{"href":"https:\/\/stkkrizevci.hr\/index.php\/wp-json\/wp\/v2\/types\/page"}],"author":[{"embeddable":true,"href":"https:\/\/stkkrizevci.hr\/index.php\/wp-json\/wp\/v2\/users\/1"}],"replies":[{"embeddable":true,"href":"https:\/\/stkkrizevci.hr\/index.php\/wp-json\/wp\/v2\/comments?post=1134"}],"version-history":[{"count":1,"href":"https:\/\/stkkrizevci.hr\/index.php\/wp-json\/wp\/v2\/pages\/1134\/revisions"}],"predecessor-version":[{"id":1135,"href":"https:\/\/stkkrizevci.hr\/index.php\/wp-json\/wp\/v2\/pages\/1134\/revisions\/1135"}],"up":[{"embeddable":true,"href":"https:\/\/stkkrizevci.hr\/index.php\/wp-json\/wp\/v2\/pages\/14"}],"wp:attachment":[{"href":"https:\/\/stkkrizevci.hr\/index.php\/wp-json\/wp\/v2\/media?parent=1134"}],"curies":[{"name":"wp","href":"https:\/\/api.w.org\/{rel}","templated":true}]}}