{"id":36,"date":"2021-08-22T20:22:07","date_gmt":"2021-08-22T18:22:07","guid":{"rendered":"https:\/\/stkkrizevci.hr\/?page_id=36"},"modified":"2022-04-29T01:58:49","modified_gmt":"2022-04-28T23:58:49","slug":"povijest-kluba","status":"publish","type":"page","link":"https:\/\/stkkrizevci.hr\/index.php\/povijest-kluba\/","title":{"rendered":"Povijest kluba"},"content":{"rendered":"\n<p class=\"has-text-align-left\">Stolnoteniski klub Kri\u017eevci osnovan je 28.travnja 2007.g u prostorijama sportske dvorane O\u0160 Ljudevita Modeca. Na osniva\u010dkoj skup\u0161tini prisustvovao je stolnoteniska legenda Hrvatske i svijeta g. Dragutin \u0160urbek. Stolnoteniski klub je od samog osnutka radi na boljitku stolnog tenisa u Kri\u017eevcima gdje pomo\u0107 daju grad Kri\u017eevci i Hrvatski stolnoteniski savez. Stolnoteniski klub Kri\u017eevci u ovih 14 godina organizira tradicionalni stolnoteniski turnir na koji dolaze stolnotenisa\u010di i stolnotenisa\u010dice iz cijele Hrvatske te je na\u0161 turnir od strane igra\u010da progla\u0161en stolnoteniskim Wimbledonom. Povodom 10 obljetnice kluba od Hrvatskog stolnoteniskog saveza dobio je organizaciju Zavr\u0161nice kupa Hrvatske gdje su u Kri\u017eevcima dva dana boravili najbolji klubovi u dr\u017eavi. Do 2010.g za na\u0161 klub nastupao je &#8220;kri\u017eeva\u010dki zet&#8221; Boris Bani\u010dek koji \u0107e preuzeti u narednom periodu \u0161kolu stolnog tenisa koju klub uskoro pokre\u0107e.<\/p>\n","protected":false},"excerpt":{"rendered":"<p>Stolnoteniski klub Kri\u017eevci osnovan je 28.travnja 2007.g u prostorijama sportske dvorane O\u0160 Ljudevita Modeca. Na osniva\u010dkoj skup\u0161tini prisustvovao je stolnoteniska legenda Hrvatske i svijeta g. Dragutin \u0160urbek. Stolnoteniski klub je od samog osnutka radi na boljitku stolnog tenisa u Kri\u017eevcima gdje pomo\u0107 daju grad Kri\u017eevci i Hrvatski stolnoteniski savez. Stolnoteniski klub Kri\u017eevci u ovih 14 &hellip;<\/p>\n<p class=\"read-more\"> <a class=\"\" href=\"https:\/\/stkkrizevci.hr\/index.php\/povijest-kluba\/\"> <span class=\"screen-reader-text\">Povijest kluba<\/span> Read More &raquo;<\/a><\/p>\n","protected":false},"author":1,"featured_media":11,"parent":0,"menu_order":0,"comment_status":"closed","ping_status":"closed","template":"","meta":{"site-sidebar-layout":"default","site-content-layout":"default","ast-site-content-layout":"","site-content-style":"default","site-sidebar-style":"default","ast-global-header-display":"","ast-banner-title-visibility":"","ast-main-header-display":"","ast-hfb-above-header-display":"","ast-hfb-below-header-display":"","ast-hfb-mobile-header-display":"","site-post-title":"","ast-breadcrumbs-content":"","ast-featured-img":"","footer-sml-layout":"","theme-transparent-header-meta":"default","adv-header-id-meta":"","stick-header-meta":"","header-above-stick-meta":"","header-main-stick-meta":"","header-below-stick-meta":"","astra-migrate-meta-layouts":"","footnotes":""},"class_list":["post-36","page","type-page","status-publish","has-post-thumbnail","hentry"],"_links":{"self":[{"href":"https:\/\/stkkrizevci.hr\/index.php\/wp-json\/wp\/v2\/pages\/36","targetHints":{"allow":["GET"]}}],"collection":[{"href":"https:\/\/stkkrizevci.hr\/index.php\/wp-json\/wp\/v2\/pages"}],"about":[{"href":"https:\/\/stkkrizevci.hr\/index.php\/wp-json\/wp\/v2\/types\/page"}],"author":[{"embeddable":true,"href":"https:\/\/stkkrizevci.hr\/index.php\/wp-json\/wp\/v2\/users\/1"}],"replies":[{"embeddable":true,"href":"https:\/\/stkkrizevci.hr\/index.php\/wp-json\/wp\/v2\/comments?post=36"}],"version-history":[{"count":2,"href":"https:\/\/stkkrizevci.hr\/index.php\/wp-json\/wp\/v2\/pages\/36\/revisions"}],"predecessor-version":[{"id":60,"href":"https:\/\/stkkrizevci.hr\/index.php\/wp-json\/wp\/v2\/pages\/36\/revisions\/60"}],"wp:featuredmedia":[{"embeddable":true,"href":"https:\/\/stkkrizevci.hr\/index.php\/wp-json\/wp\/v2\/media\/11"}],"wp:attachment":[{"href":"https:\/\/stkkrizevci.hr\/index.php\/wp-json\/wp\/v2\/media?parent=36"}],"curies":[{"name":"wp","href":"https:\/\/api.w.org\/{rel}","templated":true}]}}