{"id":37,"date":"2021-08-22T20:22:07","date_gmt":"2021-08-22T18:22:07","guid":{"rendered":"https:\/\/stkkrizevci.hr\/?page_id=37"},"modified":"2021-10-30T19:57:24","modified_gmt":"2021-10-30T17:57:24","slug":"vodstvo-kluba","status":"publish","type":"page","link":"https:\/\/stkkrizevci.hr\/index.php\/vodstvo-kluba\/","title":{"rendered":"Vodstvo kluba"},"content":{"rendered":"\n<p><strong>Predsjednik:<\/strong> <em>Tomislav Salopek<\/em><\/p>\n\n\n\n<p><br><strong>Potpredsjednik:<\/strong> <em>Ivan Knapi\u0107<\/em><\/p>\n\n\n\n<p><br><strong>Tajnik:<\/strong> <em>Ivan Kranjec<\/em><\/p>\n\n\n\n<p><br><strong>Izvr\u0161ni odbor:<\/strong><br><em>Tomislav Salopek<br>Ivan Knapi\u0107<br>Ernest Juri\u0161i\u0107<br>Goran Ljalji\u0107<br>Damir Kelek<\/em><\/p>\n\n\n\n<p><br><strong>Nadzorni odbor:<\/strong><br><em>Mario Lackovi\u0107 &#8211; predsjednik<br>Tomislav \u0160anti\u0107<br>Martin Matus<\/em><\/p>\n","protected":false},"excerpt":{"rendered":"<p>Predsjednik: Tomislav Salopek Potpredsjednik: Ivan Knapi\u0107 Tajnik: Ivan Kranjec Izvr\u0161ni odbor:Tomislav SalopekIvan Knapi\u0107Ernest Juri\u0161i\u0107Goran Ljalji\u0107Damir Kelek Nadzorni odbor:Mario Lackovi\u0107 &#8211; predsjednikTomislav \u0160anti\u0107Martin Matus<\/p>\n","protected":false},"author":1,"featured_media":0,"parent":0,"menu_order":0,"comment_status":"closed","ping_status":"closed","template":"","meta":{"site-sidebar-layout":"default","site-content-layout":"default","ast-site-content-layout":"","site-content-style":"default","site-sidebar-style":"default","ast-global-header-display":"","ast-banner-title-visibility":"","ast-main-header-display":"","ast-hfb-above-header-display":"","ast-hfb-below-header-display":"","ast-hfb-mobile-header-display":"","site-post-title":"","ast-breadcrumbs-content":"","ast-featured-img":"","footer-sml-layout":"","theme-transparent-header-meta":"default","adv-header-id-meta":"","stick-header-meta":"","header-above-stick-meta":"","header-main-stick-meta":"","header-below-stick-meta":"","astra-migrate-meta-layouts":"","footnotes":""},"class_list":["post-37","page","type-page","status-publish","hentry"],"_links":{"self":[{"href":"https:\/\/stkkrizevci.hr\/index.php\/wp-json\/wp\/v2\/pages\/37","targetHints":{"allow":["GET"]}}],"collection":[{"href":"https:\/\/stkkrizevci.hr\/index.php\/wp-json\/wp\/v2\/pages"}],"about":[{"href":"https:\/\/stkkrizevci.hr\/index.php\/wp-json\/wp\/v2\/types\/page"}],"author":[{"embeddable":true,"href":"https:\/\/stkkrizevci.hr\/index.php\/wp-json\/wp\/v2\/users\/1"}],"replies":[{"embeddable":true,"href":"https:\/\/stkkrizevci.hr\/index.php\/wp-json\/wp\/v2\/comments?post=37"}],"version-history":[{"count":3,"href":"https:\/\/stkkrizevci.hr\/index.php\/wp-json\/wp\/v2\/pages\/37\/revisions"}],"predecessor-version":[{"id":594,"href":"https:\/\/stkkrizevci.hr\/index.php\/wp-json\/wp\/v2\/pages\/37\/revisions\/594"}],"wp:attachment":[{"href":"https:\/\/stkkrizevci.hr\/index.php\/wp-json\/wp\/v2\/media?parent=37"}],"curies":[{"name":"wp","href":"https:\/\/api.w.org\/{rel}","templated":true}]}}