{"id":371,"date":"2021-09-04T06:47:13","date_gmt":"2021-09-04T04:47:13","guid":{"rendered":"https:\/\/stkkrizevci.hr\/?page_id=371"},"modified":"2022-09-12T02:28:39","modified_gmt":"2022-09-12T00:28:39","slug":"gradska-stolnoteniska-liga-robin-krizevci","status":"publish","type":"page","link":"https:\/\/stkkrizevci.hr\/index.php\/natjecanja\/arhiva-natjecanja\/gradska-stolnoteniska-liga-robin-krizevci\/","title":{"rendered":"Gradska stolnoteniska liga Robin Kri\u017eevci &#8211; ZAVR\u0160ENA"},"content":{"rendered":"\n<p class=\"has-black-color has-text-color has-medium-font-size\"><strong>Voditelj lige: Ivan Knapi\u0107: 091 465 2211<\/strong><\/p>\n\n\n\n<p class=\"has-large-font-size\"><strong>EKIPE<\/strong><\/p>\n\n\n\n<ol class=\"has-text-color has-medium-font-size wp-block-list\" style=\"color:#005496\"><li><strong>Kolor Granit Kri\u017eevci, <\/strong><em>Vitomir Miji\u0107 098 920 2686<\/em><\/li><li><strong>Tehno-div servis Kri\u017eevci, <\/strong><em>Davor Popovi\u0107 091 565 7418<\/em><\/li><li><strong>Prigorski blok,<\/strong><em> Miklobu\u0161ec Renato 091 595 7752<\/em><\/li><li><strong>Spin doktori, <\/strong><em>Ernest Juri\u0161i\u0107 091 523 9211<\/em><\/li><li><strong>Komarci, <\/strong><em>Komarica Sa\u0161a 099 222 5512<\/em><\/li><li><strong>Pri Bokiju , <\/strong><em>Ili\u010di\u0107 Bojan 098 900 7872<\/em><\/li><li><strong>404, <\/strong><em>Kolari\u0107 Marino 091 939 5373<\/em><\/li><li><strong>Robin trgovine, <\/strong><em>Robin \u0160atvar 098 270 418<\/em><\/li><li><strong>Asterix i Obelix, <\/strong><em>\u0160anti\u0107 Tomislav 091 241 3322<\/em><\/li><li><strong>Spineri, <\/strong><em>Knapi\u0107 Tomislav 099 494 3840<\/em><\/li><li><strong>Me\u0111a, <\/strong><em>Kukelj Luka 091 908 1502<\/em><\/li><li><strong>Voda struja, <\/strong><em>Antoli\u0107 Tihomir 091 172 0911<\/em><\/li><li><strong>AMK Kri\u017eevci, <\/strong><em>Jelu\u0161i\u0107 Mario 099 238 0765<\/em><\/li><\/ol>\n","protected":false},"excerpt":{"rendered":"<p>Voditelj lige: Ivan Knapi\u0107: 091 465 2211 EKIPE Kolor Granit Kri\u017eevci, Vitomir Miji\u0107 098 920 2686 Tehno-div servis Kri\u017eevci, Davor Popovi\u0107 091 565 7418 Prigorski blok, Miklobu\u0161ec Renato 091 595 7752 Spin doktori, Ernest Juri\u0161i\u0107 091 523 9211 Komarci, Komarica Sa\u0161a 099 222 5512 Pri Bokiju , Ili\u010di\u0107 Bojan 098 900 7872 404, Kolari\u0107 Marino &hellip;<\/p>\n<p class=\"read-more\"> <a class=\"\" href=\"https:\/\/stkkrizevci.hr\/index.php\/natjecanja\/arhiva-natjecanja\/gradska-stolnoteniska-liga-robin-krizevci\/\"> <span class=\"screen-reader-text\">Gradska stolnoteniska liga Robin Kri\u017eevci &#8211; ZAVR\u0160ENA<\/span> Read More &raquo;<\/a><\/p>\n","protected":false},"author":1,"featured_media":0,"parent":957,"menu_order":0,"comment_status":"closed","ping_status":"closed","template":"","meta":{"site-sidebar-layout":"default","site-content-layout":"default","ast-site-content-layout":"","site-content-style":"default","site-sidebar-style":"default","ast-global-header-display":"","ast-banner-title-visibility":"","ast-main-header-display":"","ast-hfb-above-header-display":"","ast-hfb-below-header-display":"","ast-hfb-mobile-header-display":"","site-post-title":"","ast-breadcrumbs-content":null,"ast-featured-img":"","footer-sml-layout":"","theme-transparent-header-meta":"default","adv-header-id-meta":null,"stick-header-meta":null,"header-above-stick-meta":null,"header-main-stick-meta":null,"header-below-stick-meta":null,"astra-migrate-meta-layouts":"","footnotes":""},"class_list":["post-371","page","type-page","status-publish","hentry"],"_links":{"self":[{"href":"https:\/\/stkkrizevci.hr\/index.php\/wp-json\/wp\/v2\/pages\/371","targetHints":{"allow":["GET"]}}],"collection":[{"href":"https:\/\/stkkrizevci.hr\/index.php\/wp-json\/wp\/v2\/pages"}],"about":[{"href":"https:\/\/stkkrizevci.hr\/index.php\/wp-json\/wp\/v2\/types\/page"}],"author":[{"embeddable":true,"href":"https:\/\/stkkrizevci.hr\/index.php\/wp-json\/wp\/v2\/users\/1"}],"replies":[{"embeddable":true,"href":"https:\/\/stkkrizevci.hr\/index.php\/wp-json\/wp\/v2\/comments?post=371"}],"version-history":[{"count":7,"href":"https:\/\/stkkrizevci.hr\/index.php\/wp-json\/wp\/v2\/pages\/371\/revisions"}],"predecessor-version":[{"id":697,"href":"https:\/\/stkkrizevci.hr\/index.php\/wp-json\/wp\/v2\/pages\/371\/revisions\/697"}],"up":[{"embeddable":true,"href":"https:\/\/stkkrizevci.hr\/index.php\/wp-json\/wp\/v2\/pages\/957"}],"wp:attachment":[{"href":"https:\/\/stkkrizevci.hr\/index.php\/wp-json\/wp\/v2\/media?parent=371"}],"curies":[{"name":"wp","href":"https:\/\/api.w.org\/{rel}","templated":true}]}}