{"id":683,"date":"2022-02-15T11:05:55","date_gmt":"2022-02-15T10:05:55","guid":{"rendered":"https:\/\/stkkrizevci.hr\/?page_id=683"},"modified":"2022-09-12T02:29:19","modified_gmt":"2022-09-12T00:29:19","slug":"proljetna-gradska-stolnoteniska-liga-krizevci","status":"publish","type":"page","link":"https:\/\/stkkrizevci.hr\/index.php\/natjecanja\/arhiva-natjecanja\/proljetna-gradska-stolnoteniska-liga-krizevci\/","title":{"rendered":"Proljetna gradska stolnoteniska liga Kri\u017eevci &#8211; ZAVR\u0160ENA"},"content":{"rendered":"\n<p class=\"has-large-font-size\"><strong>EKIPE<\/strong><\/p>\n\n\n\n<ol class=\"wp-block-list\" style=\"font-size:16px\"><li>Bekend paralela (Ivan Knapi\u0107, Tomislav Knapi\u0107, Tomislav Fal\u010devi\u0107, Davor Brlek)<\/li><li>Kolor Granit (Vitomir Miji\u0107, Tin Miji\u0107, Dra\u017een Kemenovi\u0107, Antonio Hatadi)<\/li><li>\u0160temeri (Marko Kranj\u010devi\u0107, Tomislav Hrebak, Karlo Pandur, Vedran Deli\u0107)<\/li><li>Komarci (Sa\u0161a Komarica, Filip Komarica)<\/li><li>Spin doo (Tomislav Salopek, Ante Gr\u0161i\u0107, Martin Slavini\u0107)<\/li><li>Lukavci (Zoran Herak, Sini\u0161a Krnjak, Mihael \u0160amuga, Domagoj I\u0161tok)<\/li><li>Pome (Marin Glamuzina, Dejan Plentaj, Kristijan Pi\u017eir)<\/li><li>AMK Kri\u017eevci (Mario Jelu\u0161i\u0107, Renato Ili\u010di\u0107)<\/li><li>Spineri (Josip Pejazi\u0107, Bo\u017eo Birt, James Do\u0161en)<\/li><li>Voda struja (Karlo Jandri\u0107, Tihomir Antoli\u0107, Ervin Jakopic)<\/li><li>BeDeTo (Berislav Ragu\u017e, Dejan Vuketi\u0107, Tomislav Gudi\u0107, Karlo Ivan\u010di\u0107)<\/li><li>Pri Bokiju (Bojan Ili\u010di\u0107, Gordan \u0160i\u0161ak, Fabio Gino \u0160kariot)<\/li><li>Dedi z Brega (Dra\u017een Kranjec, Mladen Hermanovi\u0107, Ivan Kranjec)<\/li><li>Brcka (Marino Kolari\u0107, Tomislav Horvat, Mihael Jai\u0107)<\/li><li>Spin doktori (Goran Ljalji\u0107, Ernest Juri\u0161i\u0107, Marijan Berti\u0107)<\/li><li>Prigorski Blok (Renato Miklobu\u0161ec, Mario Lackovi\u0107)<\/li><li>Klo\u0161tar (Zoran Buzina, Tihomir Jagu\u0161i\u0107, Marko Prugovi\u0107, Vjekoslav Podolski)<\/li><li>Asterix&amp;Obelix (Tomislav \u0160anti\u0107, Martin Matus, Tomislav Oreja\u0161)<\/li><\/ol>\n","protected":false},"excerpt":{"rendered":"<p>EKIPE Bekend paralela (Ivan Knapi\u0107, Tomislav Knapi\u0107, Tomislav Fal\u010devi\u0107, Davor Brlek) Kolor Granit (Vitomir Miji\u0107, Tin Miji\u0107, Dra\u017een Kemenovi\u0107, Antonio Hatadi) \u0160temeri (Marko Kranj\u010devi\u0107, Tomislav Hrebak, Karlo Pandur, Vedran Deli\u0107) Komarci (Sa\u0161a Komarica, Filip Komarica) Spin doo (Tomislav Salopek, Ante Gr\u0161i\u0107, Martin Slavini\u0107) Lukavci (Zoran Herak, Sini\u0161a Krnjak, Mihael \u0160amuga, Domagoj I\u0161tok) Pome (Marin Glamuzina, &hellip;<\/p>\n<p class=\"read-more\"> <a class=\"\" href=\"https:\/\/stkkrizevci.hr\/index.php\/natjecanja\/arhiva-natjecanja\/proljetna-gradska-stolnoteniska-liga-krizevci\/\"> <span class=\"screen-reader-text\">Proljetna gradska stolnoteniska liga Kri\u017eevci &#8211; ZAVR\u0160ENA<\/span> Read More &raquo;<\/a><\/p>\n","protected":false},"author":1,"featured_media":0,"parent":957,"menu_order":0,"comment_status":"closed","ping_status":"closed","template":"","meta":{"site-sidebar-layout":"default","site-content-layout":"","ast-site-content-layout":"","site-content-style":"default","site-sidebar-style":"default","ast-global-header-display":"","ast-banner-title-visibility":"","ast-main-header-display":"","ast-hfb-above-header-display":"","ast-hfb-below-header-display":"","ast-hfb-mobile-header-display":"","site-post-title":"","ast-breadcrumbs-content":"","ast-featured-img":"","footer-sml-layout":"","theme-transparent-header-meta":"","adv-header-id-meta":"","stick-header-meta":"","header-above-stick-meta":"","header-main-stick-meta":"","header-below-stick-meta":"","astra-migrate-meta-layouts":"","footnotes":""},"class_list":["post-683","page","type-page","status-publish","hentry"],"_links":{"self":[{"href":"https:\/\/stkkrizevci.hr\/index.php\/wp-json\/wp\/v2\/pages\/683","targetHints":{"allow":["GET"]}}],"collection":[{"href":"https:\/\/stkkrizevci.hr\/index.php\/wp-json\/wp\/v2\/pages"}],"about":[{"href":"https:\/\/stkkrizevci.hr\/index.php\/wp-json\/wp\/v2\/types\/page"}],"author":[{"embeddable":true,"href":"https:\/\/stkkrizevci.hr\/index.php\/wp-json\/wp\/v2\/users\/1"}],"replies":[{"embeddable":true,"href":"https:\/\/stkkrizevci.hr\/index.php\/wp-json\/wp\/v2\/comments?post=683"}],"version-history":[{"count":4,"href":"https:\/\/stkkrizevci.hr\/index.php\/wp-json\/wp\/v2\/pages\/683\/revisions"}],"predecessor-version":[{"id":955,"href":"https:\/\/stkkrizevci.hr\/index.php\/wp-json\/wp\/v2\/pages\/683\/revisions\/955"}],"up":[{"embeddable":true,"href":"https:\/\/stkkrizevci.hr\/index.php\/wp-json\/wp\/v2\/pages\/957"}],"wp:attachment":[{"href":"https:\/\/stkkrizevci.hr\/index.php\/wp-json\/wp\/v2\/media?parent=683"}],"curies":[{"name":"wp","href":"https:\/\/api.w.org\/{rel}","templated":true}]}}