{"id":960,"date":"2022-09-12T02:24:48","date_gmt":"2022-09-12T00:24:48","guid":{"rendered":"https:\/\/stkkrizevci.hr\/?page_id=960"},"modified":"2024-10-15T19:10:56","modified_gmt":"2024-10-15T17:10:56","slug":"jesen-2022","status":"publish","type":"page","link":"https:\/\/stkkrizevci.hr\/index.php\/natjecanja\/arhiva-natjecanja\/jesen-2022\/","title":{"rendered":"Jesen 2022"},"content":{"rendered":"\n<p class=\"has-large-font-size\"><strong>EKIPE<\/strong><\/p>\n\n\n\n<ol class=\"has-ast-global-color-1-color has-text-color has-medium-font-size wp-block-list\"><li><strong>SPIN D.O.O.<\/strong><\/li><li><strong>VODA-PENZI\u0106I<\/strong><\/li><li><strong>ASTERIX I OBELIX<\/strong><\/li><li><strong>POME<\/strong><\/li><li><strong>DEDI Z BREGA<\/strong><\/li><li><strong>LUKAVCI<\/strong><\/li><li><strong>KOLOR GRANIT<\/strong><\/li><li><strong>SPIN DOKTORI<\/strong><\/li><li><strong>SPINERI-CB GLAMUR<\/strong><\/li><li><strong>PRI BOKIJU<\/strong><\/li><li><strong>KLO\u0160TAR<\/strong><\/li><li><strong>\u0160KOLA TENISA KRI\u017dEVCI<\/strong><\/li><li><strong>PRIGORSKI BLOK<\/strong><\/li><li><strong>DVOJAC BEZ KORMILARA<\/strong><\/li><li><strong>\u017dARA<\/strong><\/li><\/ol>\n","protected":false},"excerpt":{"rendered":"<p>EKIPE SPIN D.O.O. VODA-PENZI\u0106I ASTERIX I OBELIX POME DEDI Z BREGA LUKAVCI KOLOR GRANIT SPIN DOKTORI SPINERI-CB GLAMUR PRI BOKIJU KLO\u0160TAR \u0160KOLA TENISA KRI\u017dEVCI PRIGORSKI BLOK DVOJAC BEZ KORMILARA \u017dARA<\/p>\n","protected":false},"author":1,"featured_media":0,"parent":957,"menu_order":0,"comment_status":"closed","ping_status":"closed","template":"","meta":{"site-sidebar-layout":"default","site-content-layout":"","ast-site-content-layout":"default","site-content-style":"default","site-sidebar-style":"default","ast-global-header-display":"","ast-banner-title-visibility":"","ast-main-header-display":"","ast-hfb-above-header-display":"","ast-hfb-below-header-display":"","ast-hfb-mobile-header-display":"","site-post-title":"","ast-breadcrumbs-content":"","ast-featured-img":"","footer-sml-layout":"","theme-transparent-header-meta":"","adv-header-id-meta":"","stick-header-meta":"","header-above-stick-meta":"","header-main-stick-meta":"","header-below-stick-meta":"","astra-migrate-meta-layouts":"set","footnotes":""},"class_list":["post-960","page","type-page","status-publish","hentry"],"_links":{"self":[{"href":"https:\/\/stkkrizevci.hr\/index.php\/wp-json\/wp\/v2\/pages\/960","targetHints":{"allow":["GET"]}}],"collection":[{"href":"https:\/\/stkkrizevci.hr\/index.php\/wp-json\/wp\/v2\/pages"}],"about":[{"href":"https:\/\/stkkrizevci.hr\/index.php\/wp-json\/wp\/v2\/types\/page"}],"author":[{"embeddable":true,"href":"https:\/\/stkkrizevci.hr\/index.php\/wp-json\/wp\/v2\/users\/1"}],"replies":[{"embeddable":true,"href":"https:\/\/stkkrizevci.hr\/index.php\/wp-json\/wp\/v2\/comments?post=960"}],"version-history":[{"count":4,"href":"https:\/\/stkkrizevci.hr\/index.php\/wp-json\/wp\/v2\/pages\/960\/revisions"}],"predecessor-version":[{"id":1133,"href":"https:\/\/stkkrizevci.hr\/index.php\/wp-json\/wp\/v2\/pages\/960\/revisions\/1133"}],"up":[{"embeddable":true,"href":"https:\/\/stkkrizevci.hr\/index.php\/wp-json\/wp\/v2\/pages\/957"}],"wp:attachment":[{"href":"https:\/\/stkkrizevci.hr\/index.php\/wp-json\/wp\/v2\/media?parent=960"}],"curies":[{"name":"wp","href":"https:\/\/api.w.org\/{rel}","templated":true}]}}